{"id":45,"date":"2014-02-08T10:37:23","date_gmt":"2014-02-08T10:37:23","guid":{"rendered":"http:\/\/jjdenierfood.com\/experience\/?page_id=45"},"modified":"2019-05-29T14:07:00","modified_gmt":"2019-05-29T12:07:00","slug":"welcome","status":"publish","type":"page","link":"https:\/\/jjdenierfood.com\/experience\/","title":{"rendered":"Tervetuloa!"},"content":{"rendered":"<p><img loading=\"lazy\" decoding=\"async\" class=\"alignright size-full wp-image-116\" src=\"https:\/\/jjdenierfood.com\/experience\/wp-content\/uploads\/2014\/02\/profile-picture-jj.jpg\" alt=\"profile picture jj\" width=\"200\" height=\"300\" srcset=\"https:\/\/jjdenierfood.com\/experience\/wp-content\/uploads\/2014\/02\/profile-picture-jj.jpg 400w, https:\/\/jjdenierfood.com\/experience\/wp-content\/uploads\/2014\/02\/profile-picture-jj-199x300.jpg 199w\" sizes=\"auto, (max-width: 200px) 100vw, 200px\" \/><br \/>\nTervetuloa Food Experiencen maailmaan!<\/p>\n<p>Avullani p\u00e4\u00e4sette tutustumaan eri maiden ruokiin kotonanne tai toimistollanne. Hoidan keitti\u00f6n puuhat puolestanne ja saatte keskitty\u00e4 vieraidenne kanssa seurusteluun.<\/p>\n<p>Pystymme hoitamaan tilaisuutenne teemasta, budjetista, paikasta, henkil\u00f6m\u00e4\u00e4r\u00e4st\u00e4 tai erityisruokavalioista riippumatta. N\u00e4ilt\u00e4 sivuilta l\u00f6yd\u00e4t esimerkkiruokalistoja. Ottakaa rohkeasti yhteytt\u00e4 niin r\u00e4\u00e4t\u00e4l\u00f6in teille sopivan menuun ja tapahtuman. Yhteydenoton voi tehd\u00e4 tiedustelut &#8211; osiossa.<\/p>\n<p>Yhteisty\u00f6t\u00e4 innolla odottaen,<\/p>\n<p>JJ<\/p>\n","protected":false},"excerpt":{"rendered":"<p>Tervetuloa Food Experiencen maailmaan! Avullani p\u00e4\u00e4sette tutustumaan eri maiden ruokiin kotonanne tai toimistollanne. Hoidan keitti\u00f6n puuhat puolestanne ja saatte keskitty\u00e4 vieraidenne kanssa seurusteluun. Pystymme hoitamaan tilaisuutenne teemasta, budjetista, paikasta, henkil\u00f6m\u00e4\u00e4r\u00e4st\u00e4 &#8230;<\/p>\n","protected":false},"author":1,"featured_media":0,"parent":0,"menu_order":0,"comment_status":"closed","ping_status":"closed","template":"","meta":{"ngg_post_thumbnail":0,"footnotes":""},"class_list":["post-45","page","type-page","status-publish","hentry"],"_links":{"self":[{"href":"https:\/\/jjdenierfood.com\/experience\/wp-json\/wp\/v2\/pages\/45","targetHints":{"allow":["GET"]}}],"collection":[{"href":"https:\/\/jjdenierfood.com\/experience\/wp-json\/wp\/v2\/pages"}],"about":[{"href":"https:\/\/jjdenierfood.com\/experience\/wp-json\/wp\/v2\/types\/page"}],"author":[{"embeddable":true,"href":"https:\/\/jjdenierfood.com\/experience\/wp-json\/wp\/v2\/users\/1"}],"replies":[{"embeddable":true,"href":"https:\/\/jjdenierfood.com\/experience\/wp-json\/wp\/v2\/comments?post=45"}],"version-history":[{"count":18,"href":"https:\/\/jjdenierfood.com\/experience\/wp-json\/wp\/v2\/pages\/45\/revisions"}],"predecessor-version":[{"id":1388,"href":"https:\/\/jjdenierfood.com\/experience\/wp-json\/wp\/v2\/pages\/45\/revisions\/1388"}],"wp:attachment":[{"href":"https:\/\/jjdenierfood.com\/experience\/wp-json\/wp\/v2\/media?parent=45"}],"curies":[{"name":"wp","href":"https:\/\/api.w.org\/{rel}","templated":true}]}}