{"id":1400,"date":"2019-05-29T19:20:52","date_gmt":"2019-05-29T17:20:52","guid":{"rendered":"http:\/\/jjdenierfood.com\/experience\/?page_id=1400"},"modified":"2026-04-13T09:13:09","modified_gmt":"2026-04-13T07:13:09","slug":"special-events","status":"publish","type":"page","link":"https:\/\/jjdenierfood.com\/experience\/special-events\/","title":{"rendered":"\u00c4ITIENP\u00c4IV\u00c4 2026"},"content":{"rendered":"\n<p><strong><em>30 euro per person, including ALV and delivery<\/em><\/strong><\/p>\n\n\n\n<p>Lopulliset tilaukset viimeist\u00e4\u00e4n 6. toukokuuta<\/p>\n\n\n\n<p>Tilaus: info@jjdenierfood.com<\/p>\n\n\n\n<p><\/p>\n\n\n\n<p><\/p>\n\n\n\n<p>Parsaa, savulohta ja pikkuperunoita ja sitruunakastike<br><br>x-x<br><br>Maa-artisokkakeittoa sitruunankuorella ja persiljalla<br><br>x-x<br><br>Kananrintaa t\u00e4ytettyn\u00e4 pinaatilla, mozzarellalla ja paahdetuilla paprikoilla sahramirisoton p\u00e4\u00e4ll\u00e4<br><br>x-x<br><br>Australialainen pavlova, jossa on marenkipes\u00e4 t\u00e4ytettyn\u00e4 vaniljakermalla ja p\u00e4\u00e4ll\u00e4 tuoreita marjoja ja marjakastiketta<br><br><br><\/p>\n","protected":false},"excerpt":{"rendered":"<p>30 euro per person, including ALV and delivery Lopulliset tilaukset viimeist\u00e4\u00e4n 6. toukokuuta Tilaus: info@jjdenierfood.com Parsaa, savulohta ja pikkuperunoita ja sitruunakastike x-x Maa-artisokkakeittoa sitruunankuorella ja persiljalla x-x Kananrintaa t\u00e4ytettyn\u00e4 pinaatilla, &#8230;<\/p>\n","protected":false},"author":3,"featured_media":0,"parent":0,"menu_order":0,"comment_status":"closed","ping_status":"closed","template":"","meta":{"ngg_post_thumbnail":0,"footnotes":""},"class_list":["post-1400","page","type-page","status-publish","hentry"],"_links":{"self":[{"href":"https:\/\/jjdenierfood.com\/experience\/wp-json\/wp\/v2\/pages\/1400","targetHints":{"allow":["GET"]}}],"collection":[{"href":"https:\/\/jjdenierfood.com\/experience\/wp-json\/wp\/v2\/pages"}],"about":[{"href":"https:\/\/jjdenierfood.com\/experience\/wp-json\/wp\/v2\/types\/page"}],"author":[{"embeddable":true,"href":"https:\/\/jjdenierfood.com\/experience\/wp-json\/wp\/v2\/users\/3"}],"replies":[{"embeddable":true,"href":"https:\/\/jjdenierfood.com\/experience\/wp-json\/wp\/v2\/comments?post=1400"}],"version-history":[{"count":7,"href":"https:\/\/jjdenierfood.com\/experience\/wp-json\/wp\/v2\/pages\/1400\/revisions"}],"predecessor-version":[{"id":1928,"href":"https:\/\/jjdenierfood.com\/experience\/wp-json\/wp\/v2\/pages\/1400\/revisions\/1928"}],"wp:attachment":[{"href":"https:\/\/jjdenierfood.com\/experience\/wp-json\/wp\/v2\/media?parent=1400"}],"curies":[{"name":"wp","href":"https:\/\/api.w.org\/{rel}","templated":true}]}}